{"id":14685,"date":"2024-09-04T00:00:29","date_gmt":"2024-09-03T22:00:29","guid":{"rendered":"https:\/\/fr.bi.glpch2.dev\/agenda\/"},"modified":"2025-05-14T15:58:11","modified_gmt":"2025-05-14T13:58:11","slug":"agenda","status":"publish","type":"page","link":"https:\/\/fr.bi.glpch2.dev\/fr\/agenda\/","title":{"rendered":"Agenda"},"content":{"rendered":"\t\t<div data-elementor-type=\"wp-page\" data-elementor-id=\"14685\" class=\"elementor elementor-14685 elementor-13478\" data-elementor-post-type=\"page\">\n\t\t\t\t<div class=\"elementor-element elementor-element-658ef0c2 e-con-full e-flex e-con e-parent\" data-id=\"658ef0c2\" data-element_type=\"container\" data-e-type=\"container\">\n\t\t<div class=\"elementor-element elementor-element-27362314 e-con-full e-flex e-con e-child\" data-id=\"27362314\" data-element_type=\"container\" data-e-type=\"container\" data-settings=\"{&quot;background_background&quot;:&quot;classic&quot;}\">\n\t\t\t\t<\/div>\n\t\t<div class=\"elementor-element elementor-element-79352e3 e-flex e-con-boxed e-con e-child\" data-id=\"79352e3\" data-element_type=\"container\" data-e-type=\"container\">\n\t\t\t\t\t<div class=\"e-con-inner\">\n\t\t<div class=\"elementor-element elementor-element-3ca1927f e-flex e-con-boxed e-con e-child\" data-id=\"3ca1927f\" data-element_type=\"container\" data-e-type=\"container\">\n\t\t\t\t\t<div class=\"e-con-inner\">\n\t\t\t\t<div class=\"elementor-element elementor-element-78efb99 elementor-widget elementor-widget-theme-post-title elementor-page-title elementor-widget-heading\" data-id=\"78efb99\" data-element_type=\"widget\" data-e-type=\"widget\" data-widget_type=\"theme-post-title.default\">\n\t\t\t\t<div class=\"elementor-widget-container\">\n\t\t\t\t\t<h1 class=\"elementor-heading-title elementor-size-default\">Agenda<\/h1>\t\t\t\t<\/div>\n\t\t\t\t<\/div>\n\t\t\t\t\t<\/div>\n\t\t\t\t<\/div>\n\t\t<div class=\"elementor-element elementor-element-72df8302 e-con-full e-flex e-con e-child\" data-id=\"72df8302\" data-element_type=\"container\" data-e-type=\"container\">\n\t\t<div class=\"elementor-element elementor-element-4bdf33c3 e-con-full e-flex e-con e-child\" data-id=\"4bdf33c3\" data-element_type=\"container\" data-e-type=\"container\">\n\t\t\t\t<\/div>\n\t\t<div class=\"elementor-element elementor-element-45c778ff e-con-full e-flex e-con e-child\" data-id=\"45c778ff\" data-element_type=\"container\" data-e-type=\"container\">\n\t\t\t\t<div class=\"elementor-element elementor-element-7da555a elementor-widget elementor-widget-etn-upcoming-expire-tab\" data-id=\"7da555a\" data-element_type=\"widget\" data-e-type=\"widget\" data-widget_type=\"etn-upcoming-expire-tab.default\">\n\t\t\t\t<div class=\"elementor-widget-container\">\n\t\t\t\t\t<!-- schedule tab start -->\n<div class=\"event-tab-wrapper etn-tab-wrapper event-tab-1\">\n\t<ul class='etn-nav'>\n\t\t\t\t\t\t\t\t<li>\n\t\t\t\t\t\t\t\t<a href='#' class='etn-tab-a etn-active' data-id='tab7da555a-1'>\n\t\t\t\t\t\t\t\t\t\tTous\t\t\t\t\t\t\t\t<\/a>\n\t\t\t\t\t\t<\/li>\n\t\t\t\t\t\t\t\t\t\t\t\t<li>\n\t\t\t\t\t\t\t\t<a href='#' class='etn-tab-a ' data-id='tab7da555a-2'>\n\t\t\t\t\t\t\t\t\t\tAssembl\u00e9es g\u00e9n\u00e9rales\t\t\t\t\t\t\t\t<\/a>\n\t\t\t\t\t\t<\/li>\n\t\t\t\t\t\t\t\t\t\t\t\t<li>\n\t\t\t\t\t\t\t\t<a href='#' class='etn-tab-a ' data-id='tab7da555a-3'>\n\t\t\t\t\t\t\t\t\t\t\u00c9v\u00e9nements\t\t\t\t\t\t\t\t<\/a>\n\t\t\t\t\t\t<\/li>\n\t\t\t\t\t\t\t<\/ul>\n\n\t<div class='etn-tab-content clearfix etn-schedule-wrap'>\n\t\t\t\t\t\t\t<div class=\"etn-tab tab-active\" data-id='tab7da555a-1'>\n\t\t\t\t\t\t\t<div class='etn-row etn-event-wrapper etn-event-list2'>\n\t\t\t\t\t\t<p class=\"etn-not-found-post\">No Post Found<\/p>\n\t\t\t\t<\/div>\n\n\t\t\t\t\t<\/div>\n\n\t\t\t\t\t\t\t\t<div class=\"etn-tab \" data-id='tab7da555a-2'>\n\t\t\t\t\t\t\t<div class='etn-row etn-event-wrapper etn-event-list2'>\n\t\t\t\t\t\t<p class=\"etn-not-found-post\">No Post Found<\/p>\n\t\t\t\t<\/div>\n\n\t\t\t\t\t<\/div>\n\n\t\t\t\t\t\t\t\t<div class=\"etn-tab \" data-id='tab7da555a-3'>\n\t\t\t\t\t\t\t<div class='etn-row etn-event-wrapper etn-event-list2'>\n\t\t\t\t\t\t<p class=\"etn-not-found-post\">No Post Found<\/p>\n\t\t\t\t<\/div>\n\n\t\t\t\t\t<\/div>\n\n\t\t\t\t<\/div>\n<\/div>\t\t\t\t<\/div>\n\t\t\t\t<\/div>\n\t\t\t\t<\/div>\n\t\t\t\t<\/div>\n\t\t\t\t\t<\/div>\n\t\t\t\t<\/div>\n\t\t\t\t<\/div>\n\t\t<div class=\"elementor-element elementor-element-60f53d7 e-flex e-con-boxed e-con e-parent\" data-id=\"60f53d7\" data-element_type=\"container\" data-e-type=\"container\">\n\t\t\t\t\t<div class=\"e-con-inner\">\n\t\t\t\t\t<\/div>\n\t\t\t\t<\/div>\n\t\t\t\t<\/div>\n\t\t","protected":false},"excerpt":{"rendered":"<p>Tous Assembl\u00e9es g\u00e9n\u00e9rales \u00c9v\u00e9nements No Post Found No Post Found No Post Found<\/p>\n","protected":false},"author":1,"featured_media":0,"parent":0,"menu_order":0,"comment_status":"closed","ping_status":"closed","template":"","meta":{"footnotes":""},"class_list":["post-14685","page","type-page","status-publish","hentry"],"_links":{"self":[{"href":"https:\/\/fr.bi.glpch2.dev\/fr\/wp-json\/wp\/v2\/pages\/14685","targetHints":{"allow":["GET"]}}],"collection":[{"href":"https:\/\/fr.bi.glpch2.dev\/fr\/wp-json\/wp\/v2\/pages"}],"about":[{"href":"https:\/\/fr.bi.glpch2.dev\/fr\/wp-json\/wp\/v2\/types\/page"}],"author":[{"embeddable":true,"href":"https:\/\/fr.bi.glpch2.dev\/fr\/wp-json\/wp\/v2\/users\/1"}],"replies":[{"embeddable":true,"href":"https:\/\/fr.bi.glpch2.dev\/fr\/wp-json\/wp\/v2\/comments?post=14685"}],"version-history":[{"count":0,"href":"https:\/\/fr.bi.glpch2.dev\/fr\/wp-json\/wp\/v2\/pages\/14685\/revisions"}],"wp:attachment":[{"href":"https:\/\/fr.bi.glpch2.dev\/fr\/wp-json\/wp\/v2\/media?parent=14685"}],"curies":[{"name":"wp","href":"https:\/\/api.w.org\/{rel}","templated":true}]}}